{"id":5401,"date":"2025-11-17T22:12:22","date_gmt":"2025-11-18T01:12:22","guid":{"rendered":"https:\/\/backcountrycooperative.com\/producto\/paso-leon-trekking-rafting\/"},"modified":"2026-03-01T10:23:13","modified_gmt":"2026-03-01T13:23:13","slug":"paso-leon-trekking-rafting","status":"publish","type":"product","link":"https:\/\/backcountrycooperative.com\/en\/tours\/paso-leon-trekking-rafting\/","title":{"rendered":"Paso Le\u00f3n | Trekking &#038; Rafting"},"content":{"rendered":"<p>[vc_row][vc_column][vc_column_text]<\/p>\n<p data-start=\"0\" data-end=\"422\">We set out to live a one-of-a-kind expedition: crossing the Andes by combining <strong data-start=\"79\" data-end=\"103\">rafting and trekking<\/strong>, connecting <strong data-start=\"116\" data-end=\"164\">Bariloche with the valleys of southern Chile<\/strong>.<br data-start=\"165\" data-end=\"168\" \/>Over <strong data-start=\"173\" data-end=\"183\" data-is-only-node=\"\">6 days<\/strong>, we venture deep into the <strong data-start=\"210\" data-end=\"234\">Valdivian rainforest<\/strong>, raft down the <strong data-start=\"250\" data-end=\"265\">Manso River<\/strong> to the border, cross lakes, explore the granite walls of the <strong data-start=\"327\" data-end=\"345\">Cocham\u00f3 Valley<\/strong>, and rest in one of the most spectacular landscapes of the Patagonian Andes.<\/p>\n<p data-start=\"424\" data-end=\"597\">An <strong data-start=\"427\" data-end=\"469\">intense, complete, and wild expedition<\/strong>: a double border crossing, nights camping, and a free day in Cocham\u00f3 to explore its natural pools, rock slides, and viewpoints.<\/p>\n<p data-start=\"599\" data-end=\"686\"><strong data-start=\"599\" data-end=\"633\">2026 SEASON \u2013 SINGLE DEPARTURE<\/strong><br data-start=\"633\" data-end=\"636\" \/>Carnival | February 12\u201317 | Last spots available<\/p>\n<p data-start=\"688\" data-end=\"720\"><strong data-start=\"688\" data-end=\"708\">EXPERIENCE COST:<\/strong> USD 1,190<\/p>\n<p data-start=\"722\" data-end=\"792\" data-is-last-node=\"\" data-is-only-node=\"\">\n<p>[\/vc_column_text][\/vc_column][\/vc_row][vc_row][vc_column][vc_tta_accordion style=&#8221;flat&#8221; color=&#8221;white&#8221; active_section=&#8221;&#8221; collapsible_all=&#8221;true&#8221;][vc_tta_section title=&#8221;Trip Planner&#8221; tab_id=&#8221;1644428843545-054b08ec-89d6&#8243;][vc_column_text]<\/p>\n<div class=\"flex flex-col text-sm @w-xl\/main:pt-header-height pb-25\">\n<article class=\"text-token-text-primary w-full focus:outline-none [--shadow-height:45px] has-data-writing-block:pointer-events-none has-data-writing-block:-mt-(--shadow-height) has-data-writing-block:pt-(--shadow-height) [&amp;:has([data-writing-block])&gt;*]:pointer-events-auto scroll-mt-[calc(var(--header-height)+min(200px,max(70px,20svh)))]\" dir=\"auto\" tabindex=\"-1\" data-turn-id=\"request-WEB:069b0eec-8647-471c-aa04-fada616ba7f8-4\" data-testid=\"conversation-turn-10\" data-scroll-anchor=\"true\" data-turn=\"assistant\">\n<div class=\"text-base my-auto mx-auto pb-10 [--thread-content-margin:--spacing(4)] @w-sm\/main:[--thread-content-margin:--spacing(6)] @w-lg\/main:[--thread-content-margin:--spacing(16)] px-(--thread-content-margin)\">\n<div class=\"[--thread-content-max-width:40rem] @w-lg\/main:[--thread-content-max-width:48rem] mx-auto max-w-(--thread-content-max-width) flex-1 group\/turn-messages focus-visible:outline-hidden relative flex w-full min-w-0 flex-col agent-turn\" tabindex=\"-1\">\n<div class=\"flex max-w-full flex-col grow\">\n<div class=\"min-h-8 text-message relative flex w-full flex-col items-end gap-2 text-start break-words whitespace-normal [.text-message+&amp;]:mt-1\" dir=\"auto\" data-message-author-role=\"assistant\" data-message-id=\"ac6f3c39-cff3-4914-bb0b-882d524a503b\" data-message-model-slug=\"gpt-5-2\">\n<div class=\"flex w-full flex-col gap-1 empty:hidden first:pt-[1px]\">\n<div class=\"markdown prose dark:prose-invert w-full break-words light markdown-new-styling\">\n<p data-start=\"0\" data-end=\"210\"><strong data-start=\"0\" data-end=\"25\">Food in the mountains<\/strong><br data-start=\"25\" data-end=\"28\" \/>We recommend bringing snacks of your choice to complement the days in the mountains, as well as the treats you truly enjoy. Eating well is key to maintaining energy in the mountains.[\/vc_column_text][\/vc_tta_section][vc_tta_section title=&#8221;Trip Details&#8221; tab_id=&#8221;1644428843564-69f796d2-a534&#8243;][vc_column_text]<br data-start=\"336\" data-end=\"339\" \/><strong data-start=\"339\" data-end=\"352\">Location:<\/strong> Manso Valley, Argentina \u2013 Chile<br data-start=\"384\" data-end=\"387\" \/><strong data-start=\"387\" data-end=\"400\">Duration:<\/strong> 6 days<br data-start=\"407\" data-end=\"410\" \/><strong data-start=\"410\" data-end=\"420\">Dates:<\/strong> December to March<br data-start=\"438\" data-end=\"441\" \/><strong data-start=\"441\" data-end=\"458\">Requirements:<\/strong> Ideal \u2013 Familiarity with trekking and camping, good physical condition.<br data-start=\"530\" data-end=\"533\" \/><strong data-start=\"533\" data-end=\"554\">Guides and ratio:<\/strong> 5:1<br data-start=\"558\" data-end=\"561\" \/><strong data-start=\"561\" data-end=\"573\">Maximum:<\/strong> 10 people<br data-start=\"583\" data-end=\"586\" \/>[\/vc_column_text][\/vc_tta_section][vc_tta_section title=&#8221;Included Services&#8221; tab_id=&#8221;1644429033208-5bab4e54-feb6&#8243;][vc_column_text]<\/p>\n<ul data-start=\"717\" data-end=\"1066\">\n<li data-start=\"717\" data-end=\"746\">\n<p data-start=\"719\" data-end=\"746\">AAGM\/UIMLA Mountain Guide<\/p>\n<\/li>\n<li data-start=\"747\" data-end=\"789\">\n<p data-start=\"749\" data-end=\"789\">Manso River \u2013 Border rafting excursion<\/p>\n<\/li>\n<li data-start=\"790\" data-end=\"837\">\n<p data-start=\"792\" data-end=\"837\">Transfer from Bariloche to the Manso Valley<\/p>\n<\/li>\n<li data-start=\"838\" data-end=\"879\">\n<p data-start=\"840\" data-end=\"879\">Transfer from Cocham\u00f3 to Puerto Montt<\/p>\n<\/li>\n<li data-start=\"880\" data-end=\"903\">\n<p data-start=\"882\" data-end=\"903\">Lake Vidal crossing<\/p>\n<\/li>\n<li data-start=\"904\" data-end=\"940\">\n<p data-start=\"906\" data-end=\"940\">Full board during the expedition<\/p>\n<\/li>\n<li data-start=\"941\" data-end=\"970\">\n<p data-start=\"943\" data-end=\"970\">Tents (2 people per tent)<\/p>\n<\/li>\n<li data-start=\"971\" data-end=\"986\">\n<p data-start=\"973\" data-end=\"986\">Cooking set<\/p>\n<\/li>\n<li data-start=\"987\" data-end=\"1022\">\n<p data-start=\"989\" data-end=\"1022\">Satellite communication service<\/p>\n<\/li>\n<li data-start=\"1023\" data-end=\"1066\">\n<p data-start=\"1025\" data-end=\"1066\">Personal accident insurance (Argentina)<\/p>\n<\/li>\n<\/ul>\n<p data-start=\"1068\" data-end=\"1201\">[\/vc_column_text][\/vc_tta_section][vc_tta_section title=&#8221;Services Not Included&#8221; tab_id=&#8221;1644429071377-473be373-c1f6&#8243;][vc_column_text]<\/p>\n<ul data-start=\"1203\" data-end=\"1471\">\n<li data-start=\"1203\" data-end=\"1241\">\n<p data-start=\"1205\" data-end=\"1241\">Bus from Puerto Montt to Bariloche<\/p>\n<\/li>\n<li data-start=\"1242\" data-end=\"1279\">\n<p data-start=\"1244\" data-end=\"1279\">Meals outside the expedition days<\/p>\n<\/li>\n<li data-start=\"1280\" data-end=\"1346\">\n<p data-start=\"1282\" data-end=\"1346\">Personal equipment (sleeping bags, warm clothing, boots, etc.)<\/p>\n<\/li>\n<li data-start=\"1347\" data-end=\"1386\">\n<p data-start=\"1349\" data-end=\"1386\">Travel assistance insurance (Chile)<\/p>\n<\/li>\n<li data-start=\"1387\" data-end=\"1395\">\n<p data-start=\"1389\" data-end=\"1395\">Tips<\/p>\n<\/li>\n<li data-start=\"1396\" data-end=\"1429\">\n<p data-start=\"1398\" data-end=\"1429\">Alcoholic beverages or extras<\/p>\n<\/li>\n<li data-start=\"1430\" data-end=\"1471\">\n<p data-start=\"1432\" data-end=\"1471\">Any item not specified in the program<\/p>\n<\/li>\n<\/ul>\n<p data-start=\"1473\" data-end=\"1507\" data-is-last-node=\"\" data-is-only-node=\"\">[\/vc_column_text][\/vc_tta_section][\/vc_tta_accordion][\/vc_column][\/vc_row][vc_row][vc_column][vc_media_grid style=&#8221;lazy&#8221; items_per_page=&#8221;6&#8243; element_width=&#8221;2&#8243; grid_id=&#8221;vc_gid:1648590532589-760c010c-d791-4&#8243; include=&#8221;5397,5395,5393,5391,5389,5387,5385,5383,5381,5379,5377,5375,5373,5371,5363,5359&#8243;][\/vc_column][\/vc_row]<\/p>\n<\/div>\n<\/div>\n<\/div>\n<\/div>\n<\/div>\n<\/div>\n<\/article>\n<\/div>\n<p>&nbsp;<\/p>\n<h2>Dejanos tu consulta!<\/h2>\n<div class=\"wpforms-container wpforms-container-full\" id=\"wpforms-4079\"><form id=\"wpforms-form-4079\" class=\"wpforms-validate wpforms-form wpforms-ajax-form\" data-formid=\"4079\" method=\"post\" enctype=\"multipart\/form-data\" action=\"\/en\/wp-json\/wp\/v2\/product\/5401\" data-token=\"45dea1fd1fd6000a7927a8ea75589819\" data-token-time=\"1776574025\"><noscript class=\"wpforms-error-noscript\">Please enable JavaScript in your browser to complete this form.<\/noscript><div class=\"wpforms-field-container\"><div id=\"wpforms-4079-field_0-container\" class=\"wpforms-field wpforms-field-name\" data-field-id=\"0\"><label class=\"wpforms-field-label\" for=\"wpforms-4079-field_0\">Nombre <span class=\"wpforms-required-label\">*<\/span><\/label><input type=\"text\" id=\"wpforms-4079-field_0\" class=\"wpforms-field-large wpforms-field-required\" name=\"wpforms[fields][0]\" required><\/div><div id=\"wpforms-4079-field_1-container\" class=\"wpforms-field wpforms-field-email wpforms-one-half wpforms-first\" data-field-id=\"1\"><label class=\"wpforms-field-label\" for=\"wpforms-4079-field_1\">Email <span class=\"wpforms-required-label\">*<\/span><\/label><input type=\"email\" id=\"wpforms-4079-field_1\" class=\"wpforms-field-medium wpforms-field-required\" name=\"wpforms[fields][1]\" spellcheck=\"false\" required><\/div><div id=\"wpforms-4079-field_3-container\" class=\"wpforms-field wpforms-field-number wpforms-one-half\" data-field-id=\"3\"><label class=\"wpforms-field-label\" for=\"wpforms-4079-field_3\">Tel\u00e9fono <span class=\"wpforms-required-label\">*<\/span><\/label><input type=\"number\" id=\"wpforms-4079-field_3\" class=\"wpforms-field-medium wpforms-field-required\" name=\"wpforms[fields][3]\" step=\"any\" required><\/div><div id=\"wpforms-4079-field_2-container\" class=\"wpforms-field wpforms-field-textarea\" data-field-id=\"2\"><label class=\"wpforms-field-label\" for=\"wpforms-4079-field_2\">Consulta <span class=\"wpforms-required-label\">*<\/span><\/label><textarea id=\"wpforms-4079-field_2\" class=\"wpforms-field-medium wpforms-field-required\" name=\"wpforms[fields][2]\" required><\/textarea><\/div><\/div><!-- .wpforms-field-container --><div class=\"wpforms-recaptcha-container wpforms-is-recaptcha wpforms-is-recaptcha-type-v3\" ><input type=\"hidden\" name=\"wpforms[recaptcha]\" value=\"\"><\/div><div class=\"wpforms-submit-container\" ><input type=\"hidden\" name=\"wpforms[id]\" value=\"4079\"><input type=\"hidden\" name=\"page_title\" value=\"\"><input type=\"hidden\" name=\"page_url\" value=\"https:\/\/backcountrycooperative.com\/en\/wp-json\/wp\/v2\/product\/5401\"><input type=\"hidden\" name=\"url_referer\" value=\"\"><button type=\"submit\" name=\"wpforms[submit]\" id=\"wpforms-submit-4079\" class=\"wpforms-submit\" data-alt-text=\"Enviando...\" data-submit-text=\"Consultar\" aria-live=\"assertive\" value=\"wpforms-submit\">Consultar<\/button><img loading=\"lazy\" decoding=\"async\" src=\"https:\/\/backcountrycooperative.com\/wp-content\/plugins\/wpforms-lite\/assets\/images\/submit-spin.svg\" class=\"wpforms-submit-spinner\" style=\"display: none;\" width=\"26\" height=\"26\" alt=\"Loading\"><\/div><\/form><\/div>  <!-- .wpforms-container -->\n","protected":false},"excerpt":{"rendered":"<p data-start=\"0\" data-end=\"342\">We head out for a week to cross the Andes via the historic <strong data-start=\"59\" data-end=\"72\">Paso Le\u00f3n<\/strong>, combining <strong data-start=\"84\" data-end=\"108\">rafting and trekking<\/strong> between Argentina and Chile. We raft down the <strong data-start=\"155\" data-end=\"170\">Manso River<\/strong> to the border, cross lakes, venture into the <strong data-start=\"216\" data-end=\"240\">Valdivian rainforest<\/strong>, explore the legendary walls of <strong data-start=\"273\" data-end=\"284\">Cocham\u00f3<\/strong>, and relax in its natural pools before heading back home.<\/p>\n<p data-start=\"344\" data-end=\"380\" data-is-last-node=\"\" data-is-only-node=\"\">\n","protected":false},"featured_media":5339,"template":"","meta":{"_themeisle_gutenberg_block_has_review":false,"_joinchat":[]},"product_cat":[],"product_tag":[],"yoast_head":"<!-- This site is optimized with the Yoast SEO plugin v23.0 - https:\/\/yoast.com\/wordpress\/plugins\/seo\/ -->\n<title>Paso Le\u00f3n | Trekking &amp; Rafting - Backcountry Cooperative<\/title>\n<meta name=\"description\" content=\"Salimos una semana a darle la vuelta al inmenso Tronador atravesando Los Andes y volviendo a casa. Cruzamos a Chile caminando donde conoceremos las profundidades de la selva valdiviana atravesando, r\u00edos, disfrutando aguas termales, navegaci\u00f3n. 7 d\u00edas de expedici\u00f3n:\u00a0Doble cruce de los andes!\u00a0\" \/>\n<meta name=\"robots\" content=\"index, follow, max-snippet:-1, max-image-preview:large, max-video-preview:-1\" \/>\n<link rel=\"canonical\" href=\"https:\/\/backcountrycooperative.com\/en\/producto\/paso-leon-trekking-rafting\/\" \/>\n<meta property=\"og:locale\" content=\"en_US\" \/>\n<meta property=\"og:type\" content=\"article\" \/>\n<meta property=\"og:title\" content=\"Paso Le\u00f3n | Trekking &amp; Rafting - Backcountry Cooperative\" \/>\n<meta property=\"og:description\" content=\"Salimos una semana a darle la vuelta al inmenso Tronador atravesando Los Andes y volviendo a casa. Cruzamos a Chile caminando donde conoceremos las profundidades de la selva valdiviana atravesando, r\u00edos, disfrutando aguas termales, navegaci\u00f3n. 7 d\u00edas de expedici\u00f3n:\u00a0Doble cruce de los andes!\u00a0\" \/>\n<meta property=\"og:url\" content=\"https:\/\/backcountrycooperative.com\/en\/producto\/paso-leon-trekking-rafting\/\" \/>\n<meta property=\"og:site_name\" content=\"Backcountry Cooperative\" \/>\n<meta property=\"article:modified_time\" content=\"2026-03-01T13:23:13+00:00\" \/>\n<meta property=\"og:image\" content=\"https:\/\/backcountrycooperative.com\/wp-content\/uploads\/2025\/11\/RMA_8232-1.jpg\" \/>\n\t<meta property=\"og:image:width\" content=\"2500\" \/>\n\t<meta property=\"og:image:height\" content=\"1667\" \/>\n\t<meta property=\"og:image:type\" content=\"image\/jpeg\" \/>\n<meta name=\"twitter:card\" content=\"summary_large_image\" \/>\n<meta name=\"twitter:label1\" content=\"Est. reading time\" \/>\n\t<meta name=\"twitter:data1\" content=\"2 minutes\" \/>\n<script type=\"application\/ld+json\" class=\"yoast-schema-graph\">{\"@context\":\"https:\/\/schema.org\",\"@graph\":[{\"@type\":\"WebPage\",\"@id\":\"https:\/\/backcountrycooperative.com\/en\/producto\/paso-leon-trekking-rafting\/\",\"url\":\"https:\/\/backcountrycooperative.com\/en\/producto\/paso-leon-trekking-rafting\/\",\"name\":\"Paso Le\u00f3n | Trekking & Rafting - Backcountry Cooperative\",\"isPartOf\":{\"@id\":\"https:\/\/backcountrypatagonia.com\/#website\"},\"primaryImageOfPage\":{\"@id\":\"https:\/\/backcountrycooperative.com\/en\/producto\/paso-leon-trekking-rafting\/#primaryimage\"},\"image\":{\"@id\":\"https:\/\/backcountrycooperative.com\/en\/producto\/paso-leon-trekking-rafting\/#primaryimage\"},\"thumbnailUrl\":\"https:\/\/backcountrycooperative.com\/wp-content\/uploads\/2025\/11\/RMA_8232-1.jpg\",\"datePublished\":\"2025-11-18T01:12:22+00:00\",\"dateModified\":\"2026-03-01T13:23:13+00:00\",\"description\":\"Salimos una semana a darle la vuelta al inmenso Tronador atravesando Los Andes y volviendo a casa. Cruzamos a Chile caminando donde conoceremos las profundidades de la selva valdiviana atravesando, r\u00edos, disfrutando aguas termales, navegaci\u00f3n. 7 d\u00edas de expedici\u00f3n:\u00a0Doble cruce de los andes!\u00a0\",\"breadcrumb\":{\"@id\":\"https:\/\/backcountrycooperative.com\/en\/producto\/paso-leon-trekking-rafting\/#breadcrumb\"},\"inLanguage\":\"en-US\",\"potentialAction\":[{\"@type\":\"ReadAction\",\"target\":[\"https:\/\/backcountrycooperative.com\/en\/producto\/paso-leon-trekking-rafting\/\"]}]},{\"@type\":\"ImageObject\",\"inLanguage\":\"en-US\",\"@id\":\"https:\/\/backcountrycooperative.com\/en\/producto\/paso-leon-trekking-rafting\/#primaryimage\",\"url\":\"https:\/\/backcountrycooperative.com\/wp-content\/uploads\/2025\/11\/RMA_8232-1.jpg\",\"contentUrl\":\"https:\/\/backcountrycooperative.com\/wp-content\/uploads\/2025\/11\/RMA_8232-1.jpg\",\"width\":2500,\"height\":1667},{\"@type\":\"BreadcrumbList\",\"@id\":\"https:\/\/backcountrycooperative.com\/en\/producto\/paso-leon-trekking-rafting\/#breadcrumb\",\"itemListElement\":[{\"@type\":\"ListItem\",\"position\":1,\"name\":\"Portada\",\"item\":\"https:\/\/backcountrycooperative.com\/\"},{\"@type\":\"ListItem\",\"position\":2,\"name\":\"Shop\",\"item\":\"https:\/\/backcountrypatagonia.com\/shop\/\"},{\"@type\":\"ListItem\",\"position\":3,\"name\":\"Paso Le\u00f3n | Trekking &#038; Rafting\"}]},{\"@type\":\"WebSite\",\"@id\":\"https:\/\/backcountrypatagonia.com\/#website\",\"url\":\"https:\/\/backcountrypatagonia.com\/\",\"name\":\"Backcountry Cooperative\",\"description\":\"Salidas outdoor en la Patagonia\",\"potentialAction\":[{\"@type\":\"SearchAction\",\"target\":{\"@type\":\"EntryPoint\",\"urlTemplate\":\"https:\/\/backcountrypatagonia.com\/?s={search_term_string}\"},\"query-input\":\"required name=search_term_string\"}],\"inLanguage\":\"en-US\"}]}<\/script>\n<!-- \/ Yoast SEO plugin. -->","yoast_head_json":{"title":"Paso Le\u00f3n | Trekking & Rafting - Backcountry Cooperative","description":"Salimos una semana a darle la vuelta al inmenso Tronador atravesando Los Andes y volviendo a casa. Cruzamos a Chile caminando donde conoceremos las profundidades de la selva valdiviana atravesando, r\u00edos, disfrutando aguas termales, navegaci\u00f3n. 7 d\u00edas de expedici\u00f3n:\u00a0Doble cruce de los andes!\u00a0","robots":{"index":"index","follow":"follow","max-snippet":"max-snippet:-1","max-image-preview":"max-image-preview:large","max-video-preview":"max-video-preview:-1"},"canonical":"https:\/\/backcountrycooperative.com\/en\/producto\/paso-leon-trekking-rafting\/","og_locale":"en_US","og_type":"article","og_title":"Paso Le\u00f3n | Trekking & Rafting - Backcountry Cooperative","og_description":"Salimos una semana a darle la vuelta al inmenso Tronador atravesando Los Andes y volviendo a casa. Cruzamos a Chile caminando donde conoceremos las profundidades de la selva valdiviana atravesando, r\u00edos, disfrutando aguas termales, navegaci\u00f3n. 7 d\u00edas de expedici\u00f3n:\u00a0Doble cruce de los andes!\u00a0","og_url":"https:\/\/backcountrycooperative.com\/en\/producto\/paso-leon-trekking-rafting\/","og_site_name":"Backcountry Cooperative","article_modified_time":"2026-03-01T13:23:13+00:00","og_image":[{"width":2500,"height":1667,"url":"https:\/\/backcountrycooperative.com\/wp-content\/uploads\/2025\/11\/RMA_8232-1.jpg","type":"image\/jpeg"}],"twitter_card":"summary_large_image","twitter_misc":{"Est. reading time":"2 minutes"},"schema":{"@context":"https:\/\/schema.org","@graph":[{"@type":"WebPage","@id":"https:\/\/backcountrycooperative.com\/en\/producto\/paso-leon-trekking-rafting\/","url":"https:\/\/backcountrycooperative.com\/en\/producto\/paso-leon-trekking-rafting\/","name":"Paso Le\u00f3n | Trekking & Rafting - Backcountry Cooperative","isPartOf":{"@id":"https:\/\/backcountrypatagonia.com\/#website"},"primaryImageOfPage":{"@id":"https:\/\/backcountrycooperative.com\/en\/producto\/paso-leon-trekking-rafting\/#primaryimage"},"image":{"@id":"https:\/\/backcountrycooperative.com\/en\/producto\/paso-leon-trekking-rafting\/#primaryimage"},"thumbnailUrl":"https:\/\/backcountrycooperative.com\/wp-content\/uploads\/2025\/11\/RMA_8232-1.jpg","datePublished":"2025-11-18T01:12:22+00:00","dateModified":"2026-03-01T13:23:13+00:00","description":"Salimos una semana a darle la vuelta al inmenso Tronador atravesando Los Andes y volviendo a casa. Cruzamos a Chile caminando donde conoceremos las profundidades de la selva valdiviana atravesando, r\u00edos, disfrutando aguas termales, navegaci\u00f3n. 7 d\u00edas de expedici\u00f3n:\u00a0Doble cruce de los andes!\u00a0","breadcrumb":{"@id":"https:\/\/backcountrycooperative.com\/en\/producto\/paso-leon-trekking-rafting\/#breadcrumb"},"inLanguage":"en-US","potentialAction":[{"@type":"ReadAction","target":["https:\/\/backcountrycooperative.com\/en\/producto\/paso-leon-trekking-rafting\/"]}]},{"@type":"ImageObject","inLanguage":"en-US","@id":"https:\/\/backcountrycooperative.com\/en\/producto\/paso-leon-trekking-rafting\/#primaryimage","url":"https:\/\/backcountrycooperative.com\/wp-content\/uploads\/2025\/11\/RMA_8232-1.jpg","contentUrl":"https:\/\/backcountrycooperative.com\/wp-content\/uploads\/2025\/11\/RMA_8232-1.jpg","width":2500,"height":1667},{"@type":"BreadcrumbList","@id":"https:\/\/backcountrycooperative.com\/en\/producto\/paso-leon-trekking-rafting\/#breadcrumb","itemListElement":[{"@type":"ListItem","position":1,"name":"Portada","item":"https:\/\/backcountrycooperative.com\/"},{"@type":"ListItem","position":2,"name":"Shop","item":"https:\/\/backcountrypatagonia.com\/shop\/"},{"@type":"ListItem","position":3,"name":"Paso Le\u00f3n | Trekking &#038; Rafting"}]},{"@type":"WebSite","@id":"https:\/\/backcountrypatagonia.com\/#website","url":"https:\/\/backcountrypatagonia.com\/","name":"Backcountry Cooperative","description":"Salidas outdoor en la Patagonia","potentialAction":[{"@type":"SearchAction","target":{"@type":"EntryPoint","urlTemplate":"https:\/\/backcountrypatagonia.com\/?s={search_term_string}"},"query-input":"required name=search_term_string"}],"inLanguage":"en-US"}]}},"_links":{"self":[{"href":"https:\/\/backcountrycooperative.com\/en\/wp-json\/wp\/v2\/product\/5401"}],"collection":[{"href":"https:\/\/backcountrycooperative.com\/en\/wp-json\/wp\/v2\/product"}],"about":[{"href":"https:\/\/backcountrycooperative.com\/en\/wp-json\/wp\/v2\/types\/product"}],"wp:featuredmedia":[{"embeddable":true,"href":"https:\/\/backcountrycooperative.com\/en\/wp-json\/wp\/v2\/media\/5339"}],"wp:attachment":[{"href":"https:\/\/backcountrycooperative.com\/en\/wp-json\/wp\/v2\/media?parent=5401"}],"wp:term":[{"taxonomy":"product_cat","embeddable":true,"href":"https:\/\/backcountrycooperative.com\/en\/wp-json\/wp\/v2\/product_cat?post=5401"},{"taxonomy":"product_tag","embeddable":true,"href":"https:\/\/backcountrycooperative.com\/en\/wp-json\/wp\/v2\/product_tag?post=5401"}],"curies":[{"name":"wp","href":"https:\/\/api.w.org\/{rel}","templated":true}]}}