{"id":4458,"date":"2022-10-07T09:55:32","date_gmt":"2022-10-07T12:55:32","guid":{"rendered":"https:\/\/backcountrycooperative.com\/producto\/tour-de-grandes-montanas-bariloche-argentina\/"},"modified":"2025-03-13T18:11:49","modified_gmt":"2025-03-13T21:11:49","slug":"tour-de-grandes-montanas-bariloche-argentina","status":"publish","type":"product","link":"https:\/\/backcountrycooperative.com\/en\/tours\/tour-de-grandes-montanas-bariloche-argentina\/","title":{"rendered":"Big mountain tour | Bariloche"},"content":{"rendered":"<p>[vc_row][vc_column][vc_column_text]<\/p>\n<p>A challenge for all those who want to go out and explore the surroundings of Bariloche through wilder trails and unconventional routes. Ascensions that will require specific techniques, which we will develop in each expedition. The large mountains tour is designed to progress in the immense world of searching for the mountains that are high up where the condors fly.<\/p>\n<p><strong>WHO IS IT FOR?<\/strong><br \/>\nTo motivated people who want to have tools to be able to handle themselves reliably in mountain exploration terrain, being able to plan and successfully carry out their outings. You need experience in trekking, good physical condition and a great desire to enjoy the mountains! All departures are planned from Bariloche.<\/p>\n<p><strong>CUERNOS DEL DIABLO<\/strong><br \/>\nEl Cuernos is one of the most technical mountains in the area. We choose spring, because it gives us the opportunity to climb the steepest slopes with snow and learn different progression techniques. Before departure we will have a previous meeting in Bariloche, or by meet, to clear up any doubts. Then the ascent and descent to the refuge is by your own means. The meeting will be in Jakob on the first day around 6 p.m. where we finalize details, regulate equipment, etc. On day 2 we will make our summit attempt, leaving at dawn for the Devil&#8217;s Horns. We estimate a 12-hour day from the refuge and back. We recommend spending the night at the refuge and going down the next day.<\/p>\n<p><strong>CERRO CAPILLA<\/strong><br \/>\nWhen we travel through Circuito Chico, a super slender mountain captures our attention. Without a doubt, Capilla is an iconic hill in Bariloche, but its isolation and logistics make it an unusual climb. Before departure we will have a previous meeting in Bariloche, or to meet those from outside. The first day we left from Bah\u00eda Lopez, to cross the Brazo Tristeza by boat. We begin the ascent to the Slovenian Bivouac area where we spend the night. The second day we will attempt the summit. Arriving at the ridge has its difficulty, but we have the whole day to enjoy. Then in the afternoon we return to the bivouac and the next day we go down to the lake.<\/p>\n<p><strong>CERRO VENTISQUERO<\/strong><br \/>\nOne of the treasures that the Manso River Valley hides. The snowdrift hill is the largest in the area, the upper part has a beautiful glacier that draws attention when we enter the valley. Our proposal is to disconnect on the first day to connect in the La Foyelina Estancia, a privileged place to prepare our entire camp and ascension for the next day. The second day we will ascend to a high altitude camp where we will leave everything<br \/>\nready for our summit attempt. Finally, on day three, we will leave early to see the landscape from the top. The upper part is demanding, and where depending on the time of year we will have to use technical material. In the afternoon we will return to Bariloche.<\/p>\n<p><strong>Summer 2025:<\/strong><br \/>\nCuernos del Diablo: Write us!<br \/>\nCerro Capilla: Write us!<br \/>\nCerro Ventisquero: Write us!<\/p>\n<p>[\/vc_column_text][\/vc_column][\/vc_row][vc_row][vc_column][vc_tta_accordion style=&#8221;flat&#8221; color=&#8221;white&#8221; active_section=&#8221;&#8221; collapsible_all=&#8221;true&#8221;][vc_tta_section title=&#8221;Trip Planner&#8221; tab_id=&#8221;1644428843545-054b08ec-89d6&#8243;][vc_column_text]<\/p>\n<p><b>Food in the mountains<\/b><\/p>\n<p>We recommend packing your snacks of choice for those long days in the mountains. Same goes for your favorite beverages. Eating well is key for keeping your strength up out in the wild. And to cope with the loss of appetite, the best you can have is a wide variety of food at your disposal, from sweet to sour and salty. Carrying at least 2 liters if water is essential.<\/p>\n<p><b>Accommodation during the trip<\/b><\/p>\n<p>During our expedition we will camp every day.<\/p>\n<p>[\/vc_column_text][\/vc_tta_section][vc_tta_section title=&#8221;Trip Details&#8221; tab_id=&#8221;1644428843564-69f796d2-a534&#8243;][vc_column_text]<b>Location<\/b>: Bariloche, Argentina<br \/>\n<b>Duration<\/b>: 3 days<br \/>\n<b>Dates<\/b>: December to March<br \/>\n<b>Requirements<\/b>: Experience in trekking. Good physical condition.<br \/>\n<b>Guides and Ratio:\u00a0<\/b>2:1 \/ 4:1<br \/>\n4 people max.[\/vc_column_text][\/vc_tta_section][vc_tta_section title=&#8221;Included Services&#8221; tab_id=&#8221;1644429033208-5bab4e54-feb6&#8243;][vc_column_text]<br \/>\nConsult each activity in particular.<br \/>\n&#8211; AAGM\/UIMLA mountain guide<br \/>\n&#8211; Dinner, lunch and breakfast.<br \/>\n&#8211; Technical equipment (crampon, ice axe, helmet, etc.)<br \/>\n&#8211; Satellite communication service.<br \/>\n&#8211; Personal accident insurance.<br \/>\n[\/vc_column_text][\/vc_tta_section][vc_tta_section title=&#8221;Services Not Included&#8221; tab_id=&#8221;1644429071377-473be373-c1f6&#8243;][vc_column_text]- Accommodation in Bariloche.<br \/>\n&#8211; Meals outside the expedition days.<br \/>\n&#8211; Personal equipment (sleeping bags, warm clothing, boots, etc.).<br \/>\n&#8211; Travel assistance insurance.<br \/>\n&#8211; Tips.<br \/>\n&#8211; Alcoholic drinks or extras.<br \/>\n&#8211; Some item not specified in the program.<\/p>\n<p>[\/vc_column_text][\/vc_tta_section][\/vc_tta_accordion][\/vc_column][\/vc_row][vc_row][vc_column][vc_media_grid style=&#8221;lazy&#8221; items_per_page=&#8221;6&#8243; element_width=&#8221;2&#8243; grid_id=&#8221;vc_gid:1648590532589-760c010c-d791-4&#8243; include=&#8221;3918,3916,3914,3912,3910,3908,3906,3904,3902,3896,3894,3892&#8243;][\/vc_column][\/vc_row]<\/p>\n<p>&nbsp;<\/p>\n<h2>Book your trip!<\/h2>\n<div class=\"wpforms-container wpforms-container-full\" id=\"wpforms-4091\"><form id=\"wpforms-form-4091\" class=\"wpforms-validate wpforms-form wpforms-ajax-form\" data-formid=\"4091\" method=\"post\" enctype=\"multipart\/form-data\" action=\"\/en\/wp-json\/wp\/v2\/product\/4458\" data-token=\"d8b554c359822f545014ceccce7a957d\" data-token-time=\"1777821095\"><noscript class=\"wpforms-error-noscript\">Please enable JavaScript in your browser to complete this form.<\/noscript><div class=\"wpforms-field-container\"><div id=\"wpforms-4091-field_0-container\" class=\"wpforms-field wpforms-field-name\" data-field-id=\"0\"><label class=\"wpforms-field-label\" for=\"wpforms-4091-field_0\">Nombre <span class=\"wpforms-required-label\">*<\/span><\/label><input type=\"text\" id=\"wpforms-4091-field_0\" class=\"wpforms-field-large wpforms-field-required\" name=\"wpforms[fields][0]\" required><\/div><div id=\"wpforms-4091-field_1-container\" class=\"wpforms-field wpforms-field-email wpforms-one-half wpforms-first\" data-field-id=\"1\"><label class=\"wpforms-field-label\" for=\"wpforms-4091-field_1\">Email <span class=\"wpforms-required-label\">*<\/span><\/label><input type=\"email\" id=\"wpforms-4091-field_1\" class=\"wpforms-field-medium wpforms-field-required\" name=\"wpforms[fields][1]\" spellcheck=\"false\" required><\/div><div id=\"wpforms-4091-field_3-container\" class=\"wpforms-field wpforms-field-number wpforms-one-half\" data-field-id=\"3\"><label class=\"wpforms-field-label\" for=\"wpforms-4091-field_3\">Tel\u00e9fono <span class=\"wpforms-required-label\">*<\/span><\/label><input type=\"number\" id=\"wpforms-4091-field_3\" class=\"wpforms-field-medium wpforms-field-required\" name=\"wpforms[fields][3]\" step=\"any\" required><\/div><div id=\"wpforms-4091-field_2-container\" class=\"wpforms-field wpforms-field-textarea\" data-field-id=\"2\"><label class=\"wpforms-field-label\" for=\"wpforms-4091-field_2\">Consulta <span class=\"wpforms-required-label\">*<\/span><\/label><textarea id=\"wpforms-4091-field_2\" class=\"wpforms-field-medium wpforms-field-required\" name=\"wpforms[fields][2]\" required><\/textarea><\/div><\/div><!-- .wpforms-field-container --><div class=\"wpforms-recaptcha-container wpforms-is-recaptcha wpforms-is-recaptcha-type-v3\" ><input type=\"hidden\" name=\"wpforms[recaptcha]\" value=\"\"><\/div><div class=\"wpforms-submit-container\" ><input type=\"hidden\" name=\"wpforms[id]\" value=\"4091\"><input type=\"hidden\" name=\"page_title\" value=\"\"><input type=\"hidden\" name=\"page_url\" value=\"https:\/\/backcountrycooperative.com\/en\/wp-json\/wp\/v2\/product\/4458\"><input type=\"hidden\" name=\"url_referer\" value=\"\"><button type=\"submit\" name=\"wpforms[submit]\" id=\"wpforms-submit-4091\" class=\"wpforms-submit\" data-alt-text=\"Enviando...\" data-submit-text=\"Consultar\" aria-live=\"assertive\" value=\"wpforms-submit\">Consultar<\/button><img loading=\"lazy\" decoding=\"async\" src=\"https:\/\/backcountrycooperative.com\/wp-content\/plugins\/wpforms-lite\/assets\/images\/submit-spin.svg\" class=\"wpforms-submit-spinner\" style=\"display: none;\" width=\"26\" height=\"26\" alt=\"Loading\"><\/div><\/form><\/div>  <!-- .wpforms-container -->\n","protected":false},"excerpt":{"rendered":"<p>A challenge for all those who want to go out and explore the surroundings of Bariloche through wilder trails and unconventional routes.<\/p>\n<p>Check the dates for summer 2025!<\/p>\n","protected":false},"featured_media":3891,"template":"","meta":{"_themeisle_gutenberg_block_has_review":false,"_joinchat":[]},"product_cat":[],"product_tag":[],"yoast_head":"<!-- This site is optimized with the Yoast SEO plugin v23.0 - https:\/\/yoast.com\/wordpress\/plugins\/seo\/ -->\n<title>Big mountain tour | Bariloche - Backcountry Cooperative<\/title>\n<meta name=\"description\" content=\"Una propuesta para todos aquellos que quieran salir a conocer los alrededores de Bariloche por senderos m\u00e1s agrestes y recorridos poco convencionales. El tour de grandes monta\u00f1as esa pensado para progresar en el inmenso mundo de la b\u00fasqueda de las monta\u00f1as que est\u00e1n alla en lo alto donde vuelan los c\u00f3ndores.\" \/>\n<meta name=\"robots\" content=\"index, follow, max-snippet:-1, max-image-preview:large, max-video-preview:-1\" \/>\n<link rel=\"canonical\" href=\"https:\/\/backcountrycooperative.com\/en\/producto\/tour-de-grandes-montanas-bariloche-argentina\/\" \/>\n<meta property=\"og:locale\" content=\"en_US\" \/>\n<meta property=\"og:type\" content=\"article\" \/>\n<meta property=\"og:title\" content=\"Big mountain tour | Bariloche - Backcountry Cooperative\" \/>\n<meta property=\"og:description\" content=\"Una propuesta para todos aquellos que quieran salir a conocer los alrededores de Bariloche por senderos m\u00e1s agrestes y recorridos poco convencionales. El tour de grandes monta\u00f1as esa pensado para progresar en el inmenso mundo de la b\u00fasqueda de las monta\u00f1as que est\u00e1n alla en lo alto donde vuelan los c\u00f3ndores.\" \/>\n<meta property=\"og:url\" content=\"https:\/\/backcountrycooperative.com\/en\/producto\/tour-de-grandes-montanas-bariloche-argentina\/\" \/>\n<meta property=\"og:site_name\" content=\"Backcountry Cooperative\" \/>\n<meta property=\"article:modified_time\" content=\"2025-03-13T21:11:49+00:00\" \/>\n<meta property=\"og:image\" content=\"https:\/\/backcountrycooperative.com\/wp-content\/uploads\/2022\/10\/DSC0707-scaled.jpg\" \/>\n\t<meta property=\"og:image:width\" content=\"2560\" \/>\n\t<meta property=\"og:image:height\" content=\"1707\" \/>\n\t<meta property=\"og:image:type\" content=\"image\/jpeg\" \/>\n<meta name=\"twitter:card\" content=\"summary_large_image\" \/>\n<meta name=\"twitter:label1\" content=\"Est. reading time\" \/>\n\t<meta name=\"twitter:data1\" content=\"4 minutes\" \/>\n<script type=\"application\/ld+json\" class=\"yoast-schema-graph\">{\"@context\":\"https:\/\/schema.org\",\"@graph\":[{\"@type\":\"WebPage\",\"@id\":\"https:\/\/backcountrycooperative.com\/en\/producto\/tour-de-grandes-montanas-bariloche-argentina\/\",\"url\":\"https:\/\/backcountrycooperative.com\/en\/producto\/tour-de-grandes-montanas-bariloche-argentina\/\",\"name\":\"Big mountain tour | Bariloche - Backcountry Cooperative\",\"isPartOf\":{\"@id\":\"https:\/\/backcountrypatagonia.com\/#website\"},\"primaryImageOfPage\":{\"@id\":\"https:\/\/backcountrycooperative.com\/en\/producto\/tour-de-grandes-montanas-bariloche-argentina\/#primaryimage\"},\"image\":{\"@id\":\"https:\/\/backcountrycooperative.com\/en\/producto\/tour-de-grandes-montanas-bariloche-argentina\/#primaryimage\"},\"thumbnailUrl\":\"https:\/\/backcountrycooperative.com\/wp-content\/uploads\/2022\/10\/DSC0707-scaled.jpg\",\"datePublished\":\"2022-10-07T12:55:32+00:00\",\"dateModified\":\"2025-03-13T21:11:49+00:00\",\"description\":\"Una propuesta para todos aquellos que quieran salir a conocer los alrededores de Bariloche por senderos m\u00e1s agrestes y recorridos poco convencionales. El tour de grandes monta\u00f1as esa pensado para progresar en el inmenso mundo de la b\u00fasqueda de las monta\u00f1as que est\u00e1n alla en lo alto donde vuelan los c\u00f3ndores.\",\"breadcrumb\":{\"@id\":\"https:\/\/backcountrycooperative.com\/en\/producto\/tour-de-grandes-montanas-bariloche-argentina\/#breadcrumb\"},\"inLanguage\":\"en-US\",\"potentialAction\":[{\"@type\":\"ReadAction\",\"target\":[\"https:\/\/backcountrycooperative.com\/en\/producto\/tour-de-grandes-montanas-bariloche-argentina\/\"]}]},{\"@type\":\"ImageObject\",\"inLanguage\":\"en-US\",\"@id\":\"https:\/\/backcountrycooperative.com\/en\/producto\/tour-de-grandes-montanas-bariloche-argentina\/#primaryimage\",\"url\":\"https:\/\/backcountrycooperative.com\/wp-content\/uploads\/2022\/10\/DSC0707-scaled.jpg\",\"contentUrl\":\"https:\/\/backcountrycooperative.com\/wp-content\/uploads\/2022\/10\/DSC0707-scaled.jpg\",\"width\":2560,\"height\":1707},{\"@type\":\"BreadcrumbList\",\"@id\":\"https:\/\/backcountrycooperative.com\/en\/producto\/tour-de-grandes-montanas-bariloche-argentina\/#breadcrumb\",\"itemListElement\":[{\"@type\":\"ListItem\",\"position\":1,\"name\":\"Portada\",\"item\":\"https:\/\/backcountrycooperative.com\/\"},{\"@type\":\"ListItem\",\"position\":2,\"name\":\"Shop\",\"item\":\"https:\/\/backcountrypatagonia.com\/shop\/\"},{\"@type\":\"ListItem\",\"position\":3,\"name\":\"Big mountain tour | Bariloche\"}]},{\"@type\":\"WebSite\",\"@id\":\"https:\/\/backcountrypatagonia.com\/#website\",\"url\":\"https:\/\/backcountrypatagonia.com\/\",\"name\":\"Backcountry Cooperative\",\"description\":\"Salidas outdoor en la Patagonia\",\"potentialAction\":[{\"@type\":\"SearchAction\",\"target\":{\"@type\":\"EntryPoint\",\"urlTemplate\":\"https:\/\/backcountrypatagonia.com\/?s={search_term_string}\"},\"query-input\":\"required name=search_term_string\"}],\"inLanguage\":\"en-US\"}]}<\/script>\n<!-- \/ Yoast SEO plugin. -->","yoast_head_json":{"title":"Big mountain tour | Bariloche - Backcountry Cooperative","description":"Una propuesta para todos aquellos que quieran salir a conocer los alrededores de Bariloche por senderos m\u00e1s agrestes y recorridos poco convencionales. El tour de grandes monta\u00f1as esa pensado para progresar en el inmenso mundo de la b\u00fasqueda de las monta\u00f1as que est\u00e1n alla en lo alto donde vuelan los c\u00f3ndores.","robots":{"index":"index","follow":"follow","max-snippet":"max-snippet:-1","max-image-preview":"max-image-preview:large","max-video-preview":"max-video-preview:-1"},"canonical":"https:\/\/backcountrycooperative.com\/en\/producto\/tour-de-grandes-montanas-bariloche-argentina\/","og_locale":"en_US","og_type":"article","og_title":"Big mountain tour | Bariloche - Backcountry Cooperative","og_description":"Una propuesta para todos aquellos que quieran salir a conocer los alrededores de Bariloche por senderos m\u00e1s agrestes y recorridos poco convencionales. El tour de grandes monta\u00f1as esa pensado para progresar en el inmenso mundo de la b\u00fasqueda de las monta\u00f1as que est\u00e1n alla en lo alto donde vuelan los c\u00f3ndores.","og_url":"https:\/\/backcountrycooperative.com\/en\/producto\/tour-de-grandes-montanas-bariloche-argentina\/","og_site_name":"Backcountry Cooperative","article_modified_time":"2025-03-13T21:11:49+00:00","og_image":[{"width":2560,"height":1707,"url":"https:\/\/backcountrycooperative.com\/wp-content\/uploads\/2022\/10\/DSC0707-scaled.jpg","type":"image\/jpeg"}],"twitter_card":"summary_large_image","twitter_misc":{"Est. reading time":"4 minutes"},"schema":{"@context":"https:\/\/schema.org","@graph":[{"@type":"WebPage","@id":"https:\/\/backcountrycooperative.com\/en\/producto\/tour-de-grandes-montanas-bariloche-argentina\/","url":"https:\/\/backcountrycooperative.com\/en\/producto\/tour-de-grandes-montanas-bariloche-argentina\/","name":"Big mountain tour | Bariloche - Backcountry Cooperative","isPartOf":{"@id":"https:\/\/backcountrypatagonia.com\/#website"},"primaryImageOfPage":{"@id":"https:\/\/backcountrycooperative.com\/en\/producto\/tour-de-grandes-montanas-bariloche-argentina\/#primaryimage"},"image":{"@id":"https:\/\/backcountrycooperative.com\/en\/producto\/tour-de-grandes-montanas-bariloche-argentina\/#primaryimage"},"thumbnailUrl":"https:\/\/backcountrycooperative.com\/wp-content\/uploads\/2022\/10\/DSC0707-scaled.jpg","datePublished":"2022-10-07T12:55:32+00:00","dateModified":"2025-03-13T21:11:49+00:00","description":"Una propuesta para todos aquellos que quieran salir a conocer los alrededores de Bariloche por senderos m\u00e1s agrestes y recorridos poco convencionales. El tour de grandes monta\u00f1as esa pensado para progresar en el inmenso mundo de la b\u00fasqueda de las monta\u00f1as que est\u00e1n alla en lo alto donde vuelan los c\u00f3ndores.","breadcrumb":{"@id":"https:\/\/backcountrycooperative.com\/en\/producto\/tour-de-grandes-montanas-bariloche-argentina\/#breadcrumb"},"inLanguage":"en-US","potentialAction":[{"@type":"ReadAction","target":["https:\/\/backcountrycooperative.com\/en\/producto\/tour-de-grandes-montanas-bariloche-argentina\/"]}]},{"@type":"ImageObject","inLanguage":"en-US","@id":"https:\/\/backcountrycooperative.com\/en\/producto\/tour-de-grandes-montanas-bariloche-argentina\/#primaryimage","url":"https:\/\/backcountrycooperative.com\/wp-content\/uploads\/2022\/10\/DSC0707-scaled.jpg","contentUrl":"https:\/\/backcountrycooperative.com\/wp-content\/uploads\/2022\/10\/DSC0707-scaled.jpg","width":2560,"height":1707},{"@type":"BreadcrumbList","@id":"https:\/\/backcountrycooperative.com\/en\/producto\/tour-de-grandes-montanas-bariloche-argentina\/#breadcrumb","itemListElement":[{"@type":"ListItem","position":1,"name":"Portada","item":"https:\/\/backcountrycooperative.com\/"},{"@type":"ListItem","position":2,"name":"Shop","item":"https:\/\/backcountrypatagonia.com\/shop\/"},{"@type":"ListItem","position":3,"name":"Big mountain tour | Bariloche"}]},{"@type":"WebSite","@id":"https:\/\/backcountrypatagonia.com\/#website","url":"https:\/\/backcountrypatagonia.com\/","name":"Backcountry Cooperative","description":"Salidas outdoor en la Patagonia","potentialAction":[{"@type":"SearchAction","target":{"@type":"EntryPoint","urlTemplate":"https:\/\/backcountrypatagonia.com\/?s={search_term_string}"},"query-input":"required name=search_term_string"}],"inLanguage":"en-US"}]}},"_links":{"self":[{"href":"https:\/\/backcountrycooperative.com\/en\/wp-json\/wp\/v2\/product\/4458"}],"collection":[{"href":"https:\/\/backcountrycooperative.com\/en\/wp-json\/wp\/v2\/product"}],"about":[{"href":"https:\/\/backcountrycooperative.com\/en\/wp-json\/wp\/v2\/types\/product"}],"wp:featuredmedia":[{"embeddable":true,"href":"https:\/\/backcountrycooperative.com\/en\/wp-json\/wp\/v2\/media\/3891"}],"wp:attachment":[{"href":"https:\/\/backcountrycooperative.com\/en\/wp-json\/wp\/v2\/media?parent=4458"}],"wp:term":[{"taxonomy":"product_cat","embeddable":true,"href":"https:\/\/backcountrycooperative.com\/en\/wp-json\/wp\/v2\/product_cat?post=4458"},{"taxonomy":"product_tag","embeddable":true,"href":"https:\/\/backcountrycooperative.com\/en\/wp-json\/wp\/v2\/product_tag?post=4458"}],"curies":[{"name":"wp","href":"https:\/\/api.w.org\/{rel}","templated":true}]}}